{"id":3667,"date":"2024-04-10T11:20:37","date_gmt":"2024-04-10T09:20:37","guid":{"rendered":"https:\/\/www.digital-skipper.com\/?page_id=3667"},"modified":"2024-09-11T09:26:02","modified_gmt":"2024-09-11T07:26:02","slug":"mentions-legales","status":"publish","type":"page","link":"https:\/\/www.digital-skipper.com\/en\/mentions-legales\/","title":{"rendered":"Mentions l\u00e9gales"},"content":{"rendered":"<p>DIGITAL SKIPPER est une SAS au capital de 1000 \u20ac immatricul\u00e9e au RCS de NANTES sous le num\u00e9ro 900\u00a0557\u00a0547 et dont le si\u00e8ge social est situ\u00e9 au 38 rue de Berri 75008 PARIS, FRANCE.<\/p>\n\n\n\n<p>Pour toute information ou signaler un probl\u00e8me sur le site&nbsp;: afc@digital-skipper.com<\/p>\n\n\n\n<ul class=\"wp-block-list\">\n<li>TVA num\u00e9ro\u00a0: FR38900557547<\/li>\n\n\n\n<li>SIREN\u00a0 900557547<\/li>\n\n\n\n<li>SIRET\u00a0 90055754700016<\/li>\n<\/ul>\n\n\n\n<p><\/p>\n\n\n\n<p>Directeur de la publication&nbsp;: Fran\u00e7ois KOHLER<\/p>\n\n\n\n<p>Conception&nbsp;: Pauline DESMARETS<\/p>\n\n\n\n<p>R\u00e9daction&nbsp;: Pauline DESMARETS, Fran\u00e7ois KOHLER, Gis\u00e8le POULET ARCHAMBAUD<\/p>\n\n\n\n<p>Illustrations libres de droit<\/p>\n\n\n\n<p>Le Site est h\u00e9berg\u00e9 chez OVH situ\u00e9 2 rue Kellermann ROUBAIX. Site web : www.ovhcloud.com.&nbsp;<\/p>","protected":false},"excerpt":{"rendered":"<p>DIGITAL SKIPPER est une SAS au capital de 1000 \u20ac immatricul\u00e9e au RCS de NANTES sous le num\u00e9ro 900\u00a0557\u00a0547 et dont le si\u00e8ge social est situ\u00e9 au 38 rue de Berri 75008 PARIS, FRANCE. Pour toute information ou signaler un probl\u00e8me sur le site&nbsp;: afc@digital-skipper.com Directeur de la publication&nbsp;: Fran\u00e7ois KOHLER Conception&nbsp;: Pauline DESMARETS R\u00e9daction&nbsp;: [&hellip;]<\/p>","protected":false},"author":387,"featured_media":0,"parent":0,"menu_order":0,"comment_status":"closed","ping_status":"closed","template":"","meta":{"_acf_changed":false,"footnotes":""},"class_list":["post-3667","page","type-page","status-publish","hentry"],"acf":[],"yoast_head":"<!-- This site is optimized with the Yoast SEO plugin v26.8 - https:\/\/yoast.com\/product\/yoast-seo-wordpress\/ -->\n<title>Mentions l\u00e9gales - Digital Skipper<\/title>\n<meta name=\"description\" content=\"Mentions l\u00e9gales Digital Skipper\" \/>\n<meta name=\"robots\" content=\"index, follow, max-snippet:-1, max-image-preview:large, max-video-preview:-1\" \/>\n<link rel=\"canonical\" href=\"https:\/\/www.digital-skipper.com\/en\/mentions-legales\/\" \/>\n<meta property=\"og:locale\" content=\"en_US\" \/>\n<meta property=\"og:type\" content=\"article\" \/>\n<meta property=\"og:title\" content=\"Mentions l\u00e9gales - Digital Skipper\" \/>\n<meta property=\"og:description\" content=\"Mentions l\u00e9gales Digital Skipper\" \/>\n<meta property=\"og:url\" content=\"https:\/\/www.digital-skipper.com\/en\/mentions-legales\/\" \/>\n<meta property=\"og:site_name\" content=\"Digital Skipper\" \/>\n<meta property=\"article:modified_time\" content=\"2024-09-11T07:26:02+00:00\" \/>\n<meta name=\"twitter:card\" content=\"summary_large_image\" \/>\n<meta name=\"twitter:site\" content=\"@SkipperDigital\" \/>\n<script type=\"application\/ld+json\" class=\"yoast-schema-graph\">{\"@context\":\"https:\/\/schema.org\",\"@graph\":[{\"@type\":\"WebPage\",\"@id\":\"https:\/\/www.digital-skipper.com\/mentions-legales\/\",\"url\":\"https:\/\/www.digital-skipper.com\/mentions-legales\/\",\"name\":\"Mentions l\u00e9gales - Digital Skipper\",\"isPartOf\":{\"@id\":\"https:\/\/www.digital-skipper.com\/#website\"},\"datePublished\":\"2024-04-10T09:20:37+00:00\",\"dateModified\":\"2024-09-11T07:26:02+00:00\",\"description\":\"Mentions l\u00e9gales Digital Skipper\",\"breadcrumb\":{\"@id\":\"https:\/\/www.digital-skipper.com\/mentions-legales\/#breadcrumb\"},\"inLanguage\":\"en-US\",\"potentialAction\":[{\"@type\":\"ReadAction\",\"target\":[\"https:\/\/www.digital-skipper.com\/mentions-legales\/\"]}]},{\"@type\":\"BreadcrumbList\",\"@id\":\"https:\/\/www.digital-skipper.com\/mentions-legales\/#breadcrumb\",\"itemListElement\":[{\"@type\":\"ListItem\",\"position\":1,\"name\":\"Page d'accueil\",\"item\":\"https:\/\/www.digital-skipper.com\/\"},{\"@type\":\"ListItem\",\"position\":2,\"name\":\"Mentions l\u00e9gales\"}]},{\"@type\":\"WebSite\",\"@id\":\"https:\/\/www.digital-skipper.com\/#website\",\"url\":\"https:\/\/www.digital-skipper.com\/\",\"name\":\"Digital Skipper\",\"description\":\"Making things happen\",\"publisher\":{\"@id\":\"https:\/\/www.digital-skipper.com\/#organization\"},\"potentialAction\":[{\"@type\":\"SearchAction\",\"target\":{\"@type\":\"EntryPoint\",\"urlTemplate\":\"https:\/\/www.digital-skipper.com\/?s={search_term_string}\"},\"query-input\":{\"@type\":\"PropertyValueSpecification\",\"valueRequired\":true,\"valueName\":\"search_term_string\"}}],\"inLanguage\":\"en-US\"},{\"@type\":\"Organization\",\"@id\":\"https:\/\/www.digital-skipper.com\/#organization\",\"name\":\"Digital Skipper\",\"url\":\"https:\/\/www.digital-skipper.com\/\",\"logo\":{\"@type\":\"ImageObject\",\"inLanguage\":\"en-US\",\"@id\":\"https:\/\/www.digital-skipper.com\/#\/schema\/logo\/image\/\",\"url\":\"https:\/\/www.digital-skipper.com\/wp-content\/uploads\/2021\/01\/Color-logo-with-background-e1633611444596.png\",\"contentUrl\":\"https:\/\/www.digital-skipper.com\/wp-content\/uploads\/2021\/01\/Color-logo-with-background-e1633611444596.png\",\"width\":300,\"height\":237,\"caption\":\"Digital Skipper\"},\"image\":{\"@id\":\"https:\/\/www.digital-skipper.com\/#\/schema\/logo\/image\/\"},\"sameAs\":[\"https:\/\/x.com\/SkipperDigital\",\"https:\/\/www.linkedin.com\/company\/75411748\",\"https:\/\/www.youtube.com\/channel\/UC31c7oU55vjCJC55mEGJYVQ\"]}]}<\/script>\n<!-- \/ Yoast SEO plugin. -->","yoast_head_json":{"title":"Mentions l\u00e9gales - Digital Skipper","description":"Mentions l\u00e9gales Digital Skipper","robots":{"index":"index","follow":"follow","max-snippet":"max-snippet:-1","max-image-preview":"max-image-preview:large","max-video-preview":"max-video-preview:-1"},"canonical":"https:\/\/www.digital-skipper.com\/en\/mentions-legales\/","og_locale":"en_US","og_type":"article","og_title":"Mentions l\u00e9gales - Digital Skipper","og_description":"Mentions l\u00e9gales Digital Skipper","og_url":"https:\/\/www.digital-skipper.com\/en\/mentions-legales\/","og_site_name":"Digital Skipper","article_modified_time":"2024-09-11T07:26:02+00:00","twitter_card":"summary_large_image","twitter_site":"@SkipperDigital","schema":{"@context":"https:\/\/schema.org","@graph":[{"@type":"WebPage","@id":"https:\/\/www.digital-skipper.com\/mentions-legales\/","url":"https:\/\/www.digital-skipper.com\/mentions-legales\/","name":"Mentions l\u00e9gales - Digital Skipper","isPartOf":{"@id":"https:\/\/www.digital-skipper.com\/#website"},"datePublished":"2024-04-10T09:20:37+00:00","dateModified":"2024-09-11T07:26:02+00:00","description":"Mentions l\u00e9gales Digital Skipper","breadcrumb":{"@id":"https:\/\/www.digital-skipper.com\/mentions-legales\/#breadcrumb"},"inLanguage":"en-US","potentialAction":[{"@type":"ReadAction","target":["https:\/\/www.digital-skipper.com\/mentions-legales\/"]}]},{"@type":"BreadcrumbList","@id":"https:\/\/www.digital-skipper.com\/mentions-legales\/#breadcrumb","itemListElement":[{"@type":"ListItem","position":1,"name":"Page d'accueil","item":"https:\/\/www.digital-skipper.com\/"},{"@type":"ListItem","position":2,"name":"Mentions l\u00e9gales"}]},{"@type":"WebSite","@id":"https:\/\/www.digital-skipper.com\/#website","url":"https:\/\/www.digital-skipper.com\/","name":"Digital Skipper","description":"Making things happen","publisher":{"@id":"https:\/\/www.digital-skipper.com\/#organization"},"potentialAction":[{"@type":"SearchAction","target":{"@type":"EntryPoint","urlTemplate":"https:\/\/www.digital-skipper.com\/?s={search_term_string}"},"query-input":{"@type":"PropertyValueSpecification","valueRequired":true,"valueName":"search_term_string"}}],"inLanguage":"en-US"},{"@type":"Organization","@id":"https:\/\/www.digital-skipper.com\/#organization","name":"Digital Skipper","url":"https:\/\/www.digital-skipper.com\/","logo":{"@type":"ImageObject","inLanguage":"en-US","@id":"https:\/\/www.digital-skipper.com\/#\/schema\/logo\/image\/","url":"https:\/\/www.digital-skipper.com\/wp-content\/uploads\/2021\/01\/Color-logo-with-background-e1633611444596.png","contentUrl":"https:\/\/www.digital-skipper.com\/wp-content\/uploads\/2021\/01\/Color-logo-with-background-e1633611444596.png","width":300,"height":237,"caption":"Digital Skipper"},"image":{"@id":"https:\/\/www.digital-skipper.com\/#\/schema\/logo\/image\/"},"sameAs":["https:\/\/x.com\/SkipperDigital","https:\/\/www.linkedin.com\/company\/75411748","https:\/\/www.youtube.com\/channel\/UC31c7oU55vjCJC55mEGJYVQ"]}]}},"_links":{"self":[{"href":"https:\/\/www.digital-skipper.com\/en\/wp-json\/wp\/v2\/pages\/3667","targetHints":{"allow":["GET"]}}],"collection":[{"href":"https:\/\/www.digital-skipper.com\/en\/wp-json\/wp\/v2\/pages"}],"about":[{"href":"https:\/\/www.digital-skipper.com\/en\/wp-json\/wp\/v2\/types\/page"}],"author":[{"embeddable":true,"href":"https:\/\/www.digital-skipper.com\/en\/wp-json\/wp\/v2\/users\/387"}],"replies":[{"embeddable":true,"href":"https:\/\/www.digital-skipper.com\/en\/wp-json\/wp\/v2\/comments?post=3667"}],"version-history":[{"count":0,"href":"https:\/\/www.digital-skipper.com\/en\/wp-json\/wp\/v2\/pages\/3667\/revisions"}],"wp:attachment":[{"href":"https:\/\/www.digital-skipper.com\/en\/wp-json\/wp\/v2\/media?parent=3667"}],"curies":[{"name":"wp","href":"https:\/\/api.w.org\/{rel}","templated":true}]}}