{"id":2199,"date":"2021-10-07T16:23:45","date_gmt":"2021-10-07T14:23:45","guid":{"rendered":"https:\/\/www.digital-skipper.com\/?page_id=2199"},"modified":"2024-05-03T13:13:37","modified_gmt":"2024-05-03T11:13:37","slug":"inscription-formation","status":"publish","type":"page","link":"https:\/\/www.digital-skipper.com\/en\/inscription-formation\/","title":{"rendered":"S&rsquo;inscrire \u00e0 une formation"},"content":{"rendered":"<div data-elementor-type=\"wp-page\" data-elementor-id=\"2199\" class=\"elementor elementor-2199\" data-elementor-post-type=\"page\">\n\t\t\t\t\t\t<section class=\"elementor-section elementor-top-section elementor-element elementor-element-67462b6 elementor-section-height-min-height elementor-reverse-mobile elementor-reverse-tablet elementor-section-boxed elementor-section-height-default elementor-section-items-middle\" data-id=\"67462b6\" data-element_type=\"section\" data-e-type=\"section\" data-settings=\"{&quot;background_background&quot;:&quot;classic&quot;}\">\n\t\t\t\t\t\t<div class=\"elementor-container elementor-column-gap-wider\">\n\t\t\t\t\t<div class=\"elementor-column elementor-col-50 elementor-top-column elementor-element elementor-element-bcaf896\" data-id=\"bcaf896\" data-element_type=\"column\" data-e-type=\"column\">\n\t\t\t<div class=\"elementor-widget-wrap elementor-element-populated\">\n\t\t\t\t\t\t<div class=\"elementor-element elementor-element-abe9101 elementor-invisible elementor-widget elementor-widget-html\" data-id=\"abe9101\" data-element_type=\"widget\" data-e-type=\"widget\" data-settings=\"{&quot;_animation&quot;:&quot;fadeIn&quot;}\" data-widget_type=\"html.default\">\n\t\t\t\t<div class=\"elementor-widget-container\">\n\t\t\t\t\t<div id=\"mc_embed_shell\">\n      <link href=\"\/\/cdn-images.mailchimp.com\/embedcode\/classic-061523.css\" rel=\"stylesheet\" type=\"text\/css\">\n\n<div id=\"mc_embed_signup\">\n    <form action=\"https:\/\/digital-skipper.us7.list-manage.com\/subscribe\/post?u=67b1624ab16dc2514bc27adb6&amp;id=5ebc2eceff&amp;f_id=006ce3e4f0\" method=\"post\" id=\"mc-embedded-subscribe-form\" name=\"mc-embedded-subscribe-form\" class=\"validate\" target=\"_blank\">\n        <div id=\"mc_embed_signup_scroll\">\n            <div class=\"indicates-required\"><span class=\"asterisk\">*<\/span> indicates required<\/div>\n            <div class=\"mc-field-group\"><label for=\"mce-EMAIL\">Email Address <span class=\"asterisk\">*<\/span><\/label><input type=\"email\" name=\"EMAIL\" class=\"required email\" id=\"mce-EMAIL\" required=\"\" value=\"\"><\/div><div class=\"mc-field-group\"><label for=\"mce-FNAME\">Surname <span class=\"asterisk\">*<\/span><\/label><input type=\"text\" name=\"FNAME\" class=\"required text\" id=\"mce-FNAME\" required=\"\" value=\"\"><\/div><div class=\"mc-field-group\"><label for=\"mce-LNAME\">Name <span class=\"asterisk\">*<\/span><\/label><input type=\"text\" name=\"LNAME\" class=\"required text\" id=\"mce-LNAME\" required=\"\" value=\"\"><\/div><div class=\"mc-field-group\"><label for=\"mce-MMERGE5\">Ville <span class=\"asterisk\">*<\/span><\/label><input type=\"text\" name=\"MMERGE5\" class=\"required text\" id=\"mce-MMERGE5\" required=\"\" value=\"\"><\/div><div class=\"mc-field-group\"><label for=\"mce-PHONE\">T\u00e9l\u00e9phone <\/label><input type=\"text\" name=\"PHONE\" class=\"REQ_CSS\" id=\"mce-PHONE\" value=\"\"><\/div><div class=\"mc-field-group input-group\"><strong>Pr\u00e9f\u00e9rences <\/strong><ul><li><input type=\"radio\" name=\"MMERGE6\" id=\"mce-MMERGE60\" value=\"Distanciel\"><label for=\"mce-MMERGE60\">Distanciel<\/label><\/li><li><input type=\"radio\" name=\"MMERGE6\" id=\"mce-MMERGE61\" value=\"Pr\u00e9sentiel\"><label for=\"mce-MMERGE61\">Pr\u00e9sentiel<\/label><\/li><li><input type=\"radio\" name=\"MMERGE6\" id=\"mce-MMERGE62\" value=\"Peu importe\"><label for=\"mce-MMERGE62\">Peu importe<\/label><\/li><\/ul><\/div><div class=\"mc-field-group input-group\"><strong>Formations qui vous int\u00e9ressent <\/strong><ul><li><input type=\"checkbox\" name=\"group[81251][1]\" id=\"mce-group[81251]-81251-0\" value=\"\"><label for=\"mce-group[81251]-81251-0\">WordPress<\/label><\/li><li><input type=\"checkbox\" name=\"group[81251][2]\" id=\"mce-group[81251]-81251-1\" value=\"\"><label for=\"mce-group[81251]-81251-1\">Figma<\/label><\/li><li><input type=\"checkbox\" name=\"group[81251][4]\" id=\"mce-group[81251]-81251-2\" value=\"\"><label for=\"mce-group[81251]-81251-2\">Scrum<\/label><\/li><li><input type=\"checkbox\" name=\"group[81251][8]\" id=\"mce-group[81251]-81251-3\" value=\"\"><label for=\"mce-group[81251]-81251-3\">Marketing Automation<\/label><\/li><li><input type=\"checkbox\" name=\"group[81251][16]\" id=\"mce-group[81251]-81251-4\" value=\"\"><label for=\"mce-group[81251]-81251-4\">Dolibarr<\/label><\/li><li><input type=\"checkbox\" name=\"group[81251][32]\" id=\"mce-group[81251]-81251-5\" value=\"\"><label for=\"mce-group[81251]-81251-5\">Besoin sur-mesure<\/label><\/li><\/ul><\/div>\n        <div id=\"mce-responses\" class=\"clear\">\n            <div class=\"response\" id=\"mce-error-response\" style=\"display: none;\"><\/div>\n            <div class=\"response\" id=\"mce-success-response\" style=\"display: none;\"><\/div>\n        <\/div><div aria-hidden=\"true\" style=\"position: absolute; left: -5000px;\"><input type=\"text\" name=\"b_67b1624ab16dc2514bc27adb6_5ebc2eceff\" tabindex=\"-1\" value=\"\"><\/div><div class=\"clear\"><input type=\"submit\" name=\"subscribe\" id=\"mc-embedded-subscribe\" class=\"button\" value=\"Subscribe\"><\/div>\n    <\/div>\n<\/form>\n<\/div>\n<script type=\"text\/javascript\" src=\"\/\/s3.amazonaws.com\/downloads.mailchimp.com\/js\/mc-validate.js\"><\/script><script type=\"text\/javascript\">(function($) {window.fnames = new Array(); window.ftypes = new Array();fnames[0]='EMAIL';ftypes[0]='email';fnames[1]='FNAME';ftypes[1]='text';fnames[2]='LNAME';ftypes[2]='text';fnames[5]='MMERGE5';ftypes[5]='text';fnames[4]='PHONE';ftypes[4]='phone';fnames[6]='MMERGE6';ftypes[6]='radio';\/*\n * Translated default messages for the $ validation plugin.\n * Locale: FR\n *\/\n$.extend($.validator.messages, {\n        required: \"Ce champ est requis.\",\n        remote: \"Veuillez remplir ce champ pour continuer.\",\n        email: \"Veuillez entrer une adresse email valide.\",\n        url: \"Veuillez entrer une URL valide.\",\n        date: \"Veuillez entrer une date valide.\",\n        dateISO: \"Veuillez entrer une date valide (ISO).\",\n        number: \"Veuillez entrer un nombre valide.\",\n        digits: \"Veuillez entrer (seulement) une valeur num\u00e9rique.\",\n        creditcard: \"Veuillez entrer un num\u00e9ro de carte de cr\u00e9dit valide.\",\n        equalTo: \"Veuillez entrer une nouvelle fois la m\u00eame valeur.\",\n        accept: \"Veuillez entrer une valeur avec une extension valide.\",\n        maxlength: $.validator.format(\"Veuillez ne pas entrer plus de {0} caract\u00e8res.\"),\n        minlength: $.validator.format(\"Veuillez entrer au moins {0} caract\u00e8res.\"),\n        rangelength: $.validator.format(\"Veuillez entrer entre {0} et {1} caract\u00e8res.\"),\n        range: $.validator.format(\"Veuillez entrer une valeur entre {0} et {1}.\"),\n        max: $.validator.format(\"Veuillez entrer une valeur inf\u00e9rieure ou \u00e9gale \u00e0 {0}.\"),\n        min: $.validator.format(\"Veuillez entrer une valeur sup\u00e9rieure ou \u00e9gale \u00e0 {0}.\")\n});}(jQuery));var $mcj = jQuery.noConflict(true);<\/script><\/div>\n\t\t\t\t<\/div>\n\t\t\t\t<\/div>\n\t\t\t\t\t<\/div>\n\t\t<\/div>\n\t\t\t\t<div class=\"elementor-column elementor-col-50 elementor-top-column elementor-element elementor-element-6392946\" data-id=\"6392946\" data-element_type=\"column\" data-e-type=\"column\">\n\t\t\t<div class=\"elementor-widget-wrap elementor-element-populated\">\n\t\t\t\t\t\t<div class=\"elementor-element elementor-element-b30c203 elementor-invisible elementor-widget elementor-widget-heading\" data-id=\"b30c203\" data-element_type=\"widget\" data-e-type=\"widget\" data-settings=\"{&quot;_animation&quot;:&quot;fadeInUp&quot;}\" data-widget_type=\"heading.default\">\n\t\t\t\t<div class=\"elementor-widget-container\">\n\t\t\t\t\t<h2 class=\"elementor-heading-title elementor-size-default\">Parlez-nous de vos besoins, nous vous proposerons les prochaines dates pour chaque formation qui vous int\u00e9resse.<\/h2>\t\t\t\t<\/div>\n\t\t\t\t<\/div>\n\t\t\t\t<div class=\"elementor-element elementor-element-837ac02 elementor-invisible elementor-widget elementor-widget-image\" data-id=\"837ac02\" data-element_type=\"widget\" data-e-type=\"widget\" data-settings=\"{&quot;_animation&quot;:&quot;fadeIn&quot;}\" data-widget_type=\"image.default\">\n\t\t\t\t<div class=\"elementor-widget-container\">\n\t\t\t\t\t\t\t\t\t\t\t\t\t\t\t<img fetchpriority=\"high\" decoding=\"async\" width=\"768\" height=\"429\" src=\"https:\/\/www.digital-skipper.com\/wp-content\/uploads\/2021\/09\/Copie-de-Copie-de-home2-768x429.png\" class=\"attachment-medium_large size-medium_large wp-image-1490\" alt=\"\" srcset=\"https:\/\/www.digital-skipper.com\/wp-content\/uploads\/2021\/09\/Copie-de-Copie-de-home2-768x429.png 768w, https:\/\/www.digital-skipper.com\/wp-content\/uploads\/2021\/09\/Copie-de-Copie-de-home2-300x168.png 300w, https:\/\/www.digital-skipper.com\/wp-content\/uploads\/2021\/09\/Copie-de-Copie-de-home2.png 800w\" sizes=\"(max-width: 768px) 100vw, 768px\" \/>\t\t\t\t\t\t\t\t\t\t\t\t\t\t\t<\/div>\n\t\t\t\t<\/div>\n\t\t\t\t\t<\/div>\n\t\t<\/div>\n\t\t\t\t\t<\/div>\n\t\t<\/section>\n\t\t\t\t<section class=\"elementor-section elementor-top-section elementor-element elementor-element-07089b7 elementor-section-boxed elementor-section-height-default elementor-section-height-default\" data-id=\"07089b7\" data-element_type=\"section\" data-e-type=\"section\" data-settings=\"{&quot;background_background&quot;:&quot;classic&quot;}\">\n\t\t\t\t\t\t<div class=\"elementor-container elementor-column-gap-default\">\n\t\t\t\t\t<div class=\"elementor-column elementor-col-100 elementor-top-column elementor-element elementor-element-af3cd4b\" data-id=\"af3cd4b\" data-element_type=\"column\" data-e-type=\"column\">\n\t\t\t<div class=\"elementor-widget-wrap elementor-element-populated\">\n\t\t\t\t\t\t<div class=\"elementor-element elementor-element-6e62d52 e-transform elementor-widget-divider--view-line elementor-widget elementor-widget-divider\" data-id=\"6e62d52\" data-element_type=\"widget\" data-e-type=\"widget\" data-settings=\"{&quot;_transform_rotateZ_effect&quot;:{&quot;unit&quot;:&quot;px&quot;,&quot;size&quot;:90,&quot;sizes&quot;:[]},&quot;_transform_rotateZ_effect_mobile&quot;:{&quot;unit&quot;:&quot;px&quot;,&quot;size&quot;:90,&quot;sizes&quot;:[]},&quot;_transform_rotateZ_effect_tablet&quot;:{&quot;unit&quot;:&quot;deg&quot;,&quot;size&quot;:&quot;&quot;,&quot;sizes&quot;:[]}}\" data-widget_type=\"divider.default\">\n\t\t\t\t<div class=\"elementor-widget-container\">\n\t\t\t\t\t\t\t<div class=\"elementor-divider\">\n\t\t\t<span class=\"elementor-divider-separator\">\n\t\t\t\t\t\t<\/span>\n\t\t<\/div>\n\t\t\t\t\t\t<\/div>\n\t\t\t\t<\/div>\n\t\t\t\t\t<\/div>\n\t\t<\/div>\n\t\t\t\t\t<\/div>\n\t\t<\/section>\n\t\t\t\t<\/div>","protected":false},"excerpt":{"rendered":"<p>* indicates required Email Address *Pr\u00e9nom *Nom *Ville *T\u00e9l\u00e9phone Pr\u00e9f\u00e9rences Distanciel Pr\u00e9sentiel Peu importe Formations qui vous int\u00e9ressent WordPress Figma Scrum Marketing Automation Dolibarr Besoin sur-mesure Parlez-nous de vos besoins, nous vous proposerons les prochaines dates pour chaque formation qui vous int\u00e9resse.<\/p>","protected":false},"author":1,"featured_media":0,"parent":0,"menu_order":0,"comment_status":"closed","ping_status":"closed","template":"elementor_header_footer","meta":{"_acf_changed":false,"footnotes":""},"class_list":["post-2199","page","type-page","status-publish","hentry"],"acf":[],"yoast_head":"<!-- This site is optimized with the Yoast SEO plugin v26.8 - https:\/\/yoast.com\/product\/yoast-seo-wordpress\/ -->\n<title>S&#039;inscrire \u00e0 une formation - Digital Skipper<\/title>\n<meta name=\"robots\" content=\"index, follow, max-snippet:-1, max-image-preview:large, max-video-preview:-1\" \/>\n<link rel=\"canonical\" href=\"https:\/\/www.digital-skipper.com\/en\/inscription-formation\/\" \/>\n<meta property=\"og:locale\" content=\"en_US\" \/>\n<meta property=\"og:type\" content=\"article\" \/>\n<meta property=\"og:title\" content=\"S&#039;inscrire \u00e0 une formation - Digital Skipper\" \/>\n<meta property=\"og:description\" content=\"* indicates required Email Address *Pr\u00e9nom *Nom *Ville *T\u00e9l\u00e9phone Pr\u00e9f\u00e9rences Distanciel Pr\u00e9sentiel Peu importe Formations qui vous int\u00e9ressent WordPress Figma Scrum Marketing Automation Dolibarr Besoin sur-mesure Parlez-nous de vos besoins, nous vous proposerons les prochaines dates pour chaque formation qui vous int\u00e9resse.\" \/>\n<meta property=\"og:url\" content=\"https:\/\/www.digital-skipper.com\/en\/inscription-formation\/\" \/>\n<meta property=\"og:site_name\" content=\"Digital Skipper\" \/>\n<meta property=\"article:modified_time\" content=\"2024-05-03T11:13:37+00:00\" \/>\n<meta property=\"og:image\" content=\"https:\/\/www.digital-skipper.com\/wp-content\/uploads\/2021\/09\/Copie-de-Copie-de-home2-768x429.png\" \/>\n<meta name=\"twitter:card\" content=\"summary_large_image\" \/>\n<meta name=\"twitter:site\" content=\"@SkipperDigital\" \/>\n<meta name=\"twitter:label1\" content=\"Est. reading time\" \/>\n\t<meta name=\"twitter:data1\" content=\"1 minute\" \/>\n<script type=\"application\/ld+json\" class=\"yoast-schema-graph\">{\"@context\":\"https:\/\/schema.org\",\"@graph\":[{\"@type\":\"WebPage\",\"@id\":\"https:\/\/www.digital-skipper.com\/inscription-formation\/\",\"url\":\"https:\/\/www.digital-skipper.com\/inscription-formation\/\",\"name\":\"S'inscrire \u00e0 une formation - Digital Skipper\",\"isPartOf\":{\"@id\":\"https:\/\/www.digital-skipper.com\/#website\"},\"primaryImageOfPage\":{\"@id\":\"https:\/\/www.digital-skipper.com\/inscription-formation\/#primaryimage\"},\"image\":{\"@id\":\"https:\/\/www.digital-skipper.com\/inscription-formation\/#primaryimage\"},\"thumbnailUrl\":\"https:\/\/www.digital-skipper.com\/wp-content\/uploads\/2021\/09\/Copie-de-Copie-de-home2-768x429.png\",\"datePublished\":\"2021-10-07T14:23:45+00:00\",\"dateModified\":\"2024-05-03T11:13:37+00:00\",\"breadcrumb\":{\"@id\":\"https:\/\/www.digital-skipper.com\/inscription-formation\/#breadcrumb\"},\"inLanguage\":\"en-US\",\"potentialAction\":[{\"@type\":\"ReadAction\",\"target\":[\"https:\/\/www.digital-skipper.com\/inscription-formation\/\"]}]},{\"@type\":\"ImageObject\",\"inLanguage\":\"en-US\",\"@id\":\"https:\/\/www.digital-skipper.com\/inscription-formation\/#primaryimage\",\"url\":\"https:\/\/www.digital-skipper.com\/wp-content\/uploads\/2021\/09\/Copie-de-Copie-de-home2-768x429.png\",\"contentUrl\":\"https:\/\/www.digital-skipper.com\/wp-content\/uploads\/2021\/09\/Copie-de-Copie-de-home2-768x429.png\"},{\"@type\":\"BreadcrumbList\",\"@id\":\"https:\/\/www.digital-skipper.com\/inscription-formation\/#breadcrumb\",\"itemListElement\":[{\"@type\":\"ListItem\",\"position\":1,\"name\":\"Page d'accueil\",\"item\":\"https:\/\/www.digital-skipper.com\/\"},{\"@type\":\"ListItem\",\"position\":2,\"name\":\"S&rsquo;inscrire \u00e0 une formation\"}]},{\"@type\":\"WebSite\",\"@id\":\"https:\/\/www.digital-skipper.com\/#website\",\"url\":\"https:\/\/www.digital-skipper.com\/\",\"name\":\"Digital Skipper\",\"description\":\"Making things happen\",\"publisher\":{\"@id\":\"https:\/\/www.digital-skipper.com\/#organization\"},\"potentialAction\":[{\"@type\":\"SearchAction\",\"target\":{\"@type\":\"EntryPoint\",\"urlTemplate\":\"https:\/\/www.digital-skipper.com\/?s={search_term_string}\"},\"query-input\":{\"@type\":\"PropertyValueSpecification\",\"valueRequired\":true,\"valueName\":\"search_term_string\"}}],\"inLanguage\":\"en-US\"},{\"@type\":\"Organization\",\"@id\":\"https:\/\/www.digital-skipper.com\/#organization\",\"name\":\"Digital Skipper\",\"url\":\"https:\/\/www.digital-skipper.com\/\",\"logo\":{\"@type\":\"ImageObject\",\"inLanguage\":\"en-US\",\"@id\":\"https:\/\/www.digital-skipper.com\/#\/schema\/logo\/image\/\",\"url\":\"https:\/\/www.digital-skipper.com\/wp-content\/uploads\/2021\/01\/Color-logo-with-background-e1633611444596.png\",\"contentUrl\":\"https:\/\/www.digital-skipper.com\/wp-content\/uploads\/2021\/01\/Color-logo-with-background-e1633611444596.png\",\"width\":300,\"height\":237,\"caption\":\"Digital Skipper\"},\"image\":{\"@id\":\"https:\/\/www.digital-skipper.com\/#\/schema\/logo\/image\/\"},\"sameAs\":[\"https:\/\/x.com\/SkipperDigital\",\"https:\/\/www.linkedin.com\/company\/75411748\",\"https:\/\/www.youtube.com\/channel\/UC31c7oU55vjCJC55mEGJYVQ\"]}]}<\/script>\n<!-- \/ Yoast SEO plugin. -->","yoast_head_json":{"title":"S'inscrire \u00e0 une formation - Digital Skipper","robots":{"index":"index","follow":"follow","max-snippet":"max-snippet:-1","max-image-preview":"max-image-preview:large","max-video-preview":"max-video-preview:-1"},"canonical":"https:\/\/www.digital-skipper.com\/en\/inscription-formation\/","og_locale":"en_US","og_type":"article","og_title":"S'inscrire \u00e0 une formation - Digital Skipper","og_description":"* indicates required Email Address *Pr\u00e9nom *Nom *Ville *T\u00e9l\u00e9phone Pr\u00e9f\u00e9rences Distanciel Pr\u00e9sentiel Peu importe Formations qui vous int\u00e9ressent WordPress Figma Scrum Marketing Automation Dolibarr Besoin sur-mesure Parlez-nous de vos besoins, nous vous proposerons les prochaines dates pour chaque formation qui vous int\u00e9resse.","og_url":"https:\/\/www.digital-skipper.com\/en\/inscription-formation\/","og_site_name":"Digital Skipper","article_modified_time":"2024-05-03T11:13:37+00:00","og_image":[{"url":"https:\/\/www.digital-skipper.com\/wp-content\/uploads\/2021\/09\/Copie-de-Copie-de-home2-768x429.png","type":"","width":"","height":""}],"twitter_card":"summary_large_image","twitter_site":"@SkipperDigital","twitter_misc":{"Est. reading time":"1 minute"},"schema":{"@context":"https:\/\/schema.org","@graph":[{"@type":"WebPage","@id":"https:\/\/www.digital-skipper.com\/inscription-formation\/","url":"https:\/\/www.digital-skipper.com\/inscription-formation\/","name":"S'inscrire \u00e0 une formation - Digital Skipper","isPartOf":{"@id":"https:\/\/www.digital-skipper.com\/#website"},"primaryImageOfPage":{"@id":"https:\/\/www.digital-skipper.com\/inscription-formation\/#primaryimage"},"image":{"@id":"https:\/\/www.digital-skipper.com\/inscription-formation\/#primaryimage"},"thumbnailUrl":"https:\/\/www.digital-skipper.com\/wp-content\/uploads\/2021\/09\/Copie-de-Copie-de-home2-768x429.png","datePublished":"2021-10-07T14:23:45+00:00","dateModified":"2024-05-03T11:13:37+00:00","breadcrumb":{"@id":"https:\/\/www.digital-skipper.com\/inscription-formation\/#breadcrumb"},"inLanguage":"en-US","potentialAction":[{"@type":"ReadAction","target":["https:\/\/www.digital-skipper.com\/inscription-formation\/"]}]},{"@type":"ImageObject","inLanguage":"en-US","@id":"https:\/\/www.digital-skipper.com\/inscription-formation\/#primaryimage","url":"https:\/\/www.digital-skipper.com\/wp-content\/uploads\/2021\/09\/Copie-de-Copie-de-home2-768x429.png","contentUrl":"https:\/\/www.digital-skipper.com\/wp-content\/uploads\/2021\/09\/Copie-de-Copie-de-home2-768x429.png"},{"@type":"BreadcrumbList","@id":"https:\/\/www.digital-skipper.com\/inscription-formation\/#breadcrumb","itemListElement":[{"@type":"ListItem","position":1,"name":"Page d'accueil","item":"https:\/\/www.digital-skipper.com\/"},{"@type":"ListItem","position":2,"name":"S&rsquo;inscrire \u00e0 une formation"}]},{"@type":"WebSite","@id":"https:\/\/www.digital-skipper.com\/#website","url":"https:\/\/www.digital-skipper.com\/","name":"Digital Skipper","description":"Making things happen","publisher":{"@id":"https:\/\/www.digital-skipper.com\/#organization"},"potentialAction":[{"@type":"SearchAction","target":{"@type":"EntryPoint","urlTemplate":"https:\/\/www.digital-skipper.com\/?s={search_term_string}"},"query-input":{"@type":"PropertyValueSpecification","valueRequired":true,"valueName":"search_term_string"}}],"inLanguage":"en-US"},{"@type":"Organization","@id":"https:\/\/www.digital-skipper.com\/#organization","name":"Digital Skipper","url":"https:\/\/www.digital-skipper.com\/","logo":{"@type":"ImageObject","inLanguage":"en-US","@id":"https:\/\/www.digital-skipper.com\/#\/schema\/logo\/image\/","url":"https:\/\/www.digital-skipper.com\/wp-content\/uploads\/2021\/01\/Color-logo-with-background-e1633611444596.png","contentUrl":"https:\/\/www.digital-skipper.com\/wp-content\/uploads\/2021\/01\/Color-logo-with-background-e1633611444596.png","width":300,"height":237,"caption":"Digital Skipper"},"image":{"@id":"https:\/\/www.digital-skipper.com\/#\/schema\/logo\/image\/"},"sameAs":["https:\/\/x.com\/SkipperDigital","https:\/\/www.linkedin.com\/company\/75411748","https:\/\/www.youtube.com\/channel\/UC31c7oU55vjCJC55mEGJYVQ"]}]}},"_links":{"self":[{"href":"https:\/\/www.digital-skipper.com\/en\/wp-json\/wp\/v2\/pages\/2199","targetHints":{"allow":["GET"]}}],"collection":[{"href":"https:\/\/www.digital-skipper.com\/en\/wp-json\/wp\/v2\/pages"}],"about":[{"href":"https:\/\/www.digital-skipper.com\/en\/wp-json\/wp\/v2\/types\/page"}],"author":[{"embeddable":true,"href":"https:\/\/www.digital-skipper.com\/en\/wp-json\/wp\/v2\/users\/1"}],"replies":[{"embeddable":true,"href":"https:\/\/www.digital-skipper.com\/en\/wp-json\/wp\/v2\/comments?post=2199"}],"version-history":[{"count":0,"href":"https:\/\/www.digital-skipper.com\/en\/wp-json\/wp\/v2\/pages\/2199\/revisions"}],"wp:attachment":[{"href":"https:\/\/www.digital-skipper.com\/en\/wp-json\/wp\/v2\/media?parent=2199"}],"curies":[{"name":"wp","href":"https:\/\/api.w.org\/{rel}","templated":true}]}}